{"id":181,"date":"2022-01-12T11:54:05","date_gmt":"2022-01-12T10:54:05","guid":{"rendered":"https:\/\/www.reiki-shiatsu.be\/?page_id=181"},"modified":"2023-04-03T12:27:54","modified_gmt":"2023-04-03T10:27:54","slug":"formation-en-shiatsu-equin","status":"publish","type":"page","link":"https:\/\/www.lokaishiatsu.be\/?page_id=181","title":{"rendered":"Formation en Shiatsu Equin"},"content":{"rendered":"<p>[et_pb_section fb_built=\u00a0\u00bb1&Prime; _builder_version=\u00a0\u00bb4.16&Prime; _module_preset=\u00a0\u00bbdefault\u00a0\u00bb global_colors_info=\u00a0\u00bb{}\u00a0\u00bb][et_pb_row column_structure=\u00a0\u00bb3_4,1_4&Prime; _builder_version=\u00a0\u00bb4.16&Prime; _module_preset=\u00a0\u00bbdefault\u00a0\u00bb global_colors_info=\u00a0\u00bb{}\u00a0\u00bb][et_pb_column type=\u00a0\u00bb3_4&Prime; _builder_version=\u00a0\u00bb4.16&Prime; _module_preset=\u00a0\u00bbdefault\u00a0\u00bb global_colors_info=\u00a0\u00bb{}\u00a0\u00bb][et_pb_text _builder_version=\u00a0\u00bb4.16&Prime; _module_preset=\u00a0\u00bbdefault\u00a0\u00bb header_font=\u00a0\u00bbMontserrat||||||||\u00a0\u00bb global_colors_info=\u00a0\u00bb{}\u00a0\u00bb]<\/p>\n<h2 style=\"text-align: center;\"><em>Formations en shiatsu \u00e9quin reconnue par la<\/em><\/h2>\n<h2 style=\"text-align: center;\"><em> F\u00e9d\u00e9ration Belge du Shiatsu<\/em><\/h2>\n<p>[\/et_pb_text][\/et_pb_column][et_pb_column type=\u00a0\u00bb1_4&Prime; _builder_version=\u00a0\u00bb4.16&Prime; _module_preset=\u00a0\u00bbdefault\u00a0\u00bb global_colors_info=\u00a0\u00bb{}\u00a0\u00bb][et_pb_image src=\u00a0\u00bbhttps:\/\/www.reiki-shiatsu.be\/wp-content\/uploads\/2021\/05\/LOGO-FEDERATION-SHIATSU-scaled.jpg\u00a0\u00bb title_text=\u00a0\u00bbLOGO-FEDERATION-SHIATSU\u00a0\u00bb _builder_version=\u00a0\u00bb4.16&Prime; _module_preset=\u00a0\u00bbdefault\u00a0\u00bb global_colors_info=\u00a0\u00bb{}\u00a0\u00bb][\/et_pb_image][\/et_pb_column][\/et_pb_row][et_pb_row _builder_version=\u00a0\u00bb4.16&Prime; _module_preset=\u00a0\u00bbdefault\u00a0\u00bb global_colors_info=\u00a0\u00bb{}\u00a0\u00bb][et_pb_column type=\u00a0\u00bb4_4&Prime; _builder_version=\u00a0\u00bb4.16&Prime; _module_preset=\u00a0\u00bbdefault\u00a0\u00bb global_colors_info=\u00a0\u00bb{}\u00a0\u00bb][et_pb_divider divider_style=\u00a0\u00bbdashed\u00a0\u00bb _builder_version=\u00a0\u00bb4.16&Prime; _module_preset=\u00a0\u00bbdefault\u00a0\u00bb global_colors_info=\u00a0\u00bb{}\u00a0\u00bb][\/et_pb_divider][\/et_pb_column][\/et_pb_row][et_pb_row _builder_version=\u00a0\u00bb4.16&Prime; _module_preset=\u00a0\u00bbdefault\u00a0\u00bb global_colors_info=\u00a0\u00bb{}\u00a0\u00bb][et_pb_column type=\u00a0\u00bb4_4&Prime; _builder_version=\u00a0\u00bb4.16&Prime; _module_preset=\u00a0\u00bbdefault\u00a0\u00bb global_colors_info=\u00a0\u00bb{}\u00a0\u00bb][et_pb_text _builder_version=\u00a0\u00bb4.16&Prime; _module_preset=\u00a0\u00bbdefault\u00a0\u00bb custom_padding=\u00a0\u00bb0px|||||\u00a0\u00bb global_colors_info=\u00a0\u00bb{}\u00a0\u00bb]<\/p>\n<h3><strong>Stage d&rsquo;initiation\u00a0 &#8211; shiatsu \u00e9quin\u00a0<\/strong><\/h3>\n<p>&nbsp;<\/p>\n<p>Deux journ\u00e9es qui vous permettront de comprendre d&rsquo;o\u00f9 vient le shiatsu et ce qu&rsquo;il peut offrir.\u00a0 Vous pourrez acqu\u00e9rir les techniques de base pour dispenser un shiatsu de relaxation \u00e0 votre cheval.<\/p>\n<p>Prix\u00a0: 200 \u20ac tout compris incluant un syllabus avec photos pour vous aider \u00e0 travailler chez vous<\/p>\n<p>&nbsp;<\/p>\n<h4><strong><span style=\"font-size: medium;\">Si vous le souhaitez, ce stage peut tout aussi bien s&rsquo;organiser dans vos infrastructures.\u00a0 <\/span><\/strong><\/h4>\n<h4><span style=\"font-size: medium;\">Pour tout renseignement et les conditions, contactez-moi, <a href=\"mailto:laurence.stoffel@lokaishiatsu.be\">laurence.stoffel@lokaishiatsu.be<\/a>\u00a0<span style=\"color: #0c71c3;\"><\/span><\/span><\/h4>\n<p style=\"text-align: justify;\">\n<p>[\/et_pb_text][\/et_pb_column][\/et_pb_row][et_pb_row _builder_version=\u00a0\u00bb4.16&Prime; _module_preset=\u00a0\u00bbdefault\u00a0\u00bb custom_padding=\u00a0\u00bb29px|||||\u00a0\u00bb global_colors_info=\u00a0\u00bb{}\u00a0\u00bb][et_pb_column type=\u00a0\u00bb4_4&Prime; _builder_version=\u00a0\u00bb4.16&Prime; _module_preset=\u00a0\u00bbdefault\u00a0\u00bb global_colors_info=\u00a0\u00bb{}\u00a0\u00bb][et_pb_divider divider_style=\u00a0\u00bbdashed\u00a0\u00bb _builder_version=\u00a0\u00bb4.16&Prime; _module_preset=\u00a0\u00bbdefault\u00a0\u00bb global_colors_info=\u00a0\u00bb{}\u00a0\u00bb][\/et_pb_divider][\/et_pb_column][\/et_pb_row][et_pb_row _builder_version=\u00a0\u00bb4.16&Prime; _module_preset=\u00a0\u00bbdefault\u00a0\u00bb global_colors_info=\u00a0\u00bb{}\u00a0\u00bb][et_pb_column type=\u00a0\u00bb4_4&Prime; _builder_version=\u00a0\u00bb4.16&Prime; _module_preset=\u00a0\u00bbdefault\u00a0\u00bb global_colors_info=\u00a0\u00bb{}\u00a0\u00bb][et_pb_accordion _builder_version=\u00a0\u00bb4.16&Prime; _module_preset=\u00a0\u00bbdefault\u00a0\u00bb global_colors_info=\u00a0\u00bb{}\u00a0\u00bb][et_pb_accordion_item title=\u00a0\u00bbCours Compl\u00e9mentaires\u00a0\u00bb open=\u00a0\u00bbon\u00a0\u00bb _builder_version=\u00a0\u00bb4.16&Prime; _module_preset=\u00a0\u00bbdefault\u00a0\u00bb global_colors_info=\u00a0\u00bb{}\u00a0\u00bb]<\/p>\n<p><span style=\"font-size: large;\"><strong>Moxa<\/strong><\/span> : se d\u00e9roule sur une journ\u00e9e :\u00a0 apprendre la moxibustion sur le cheval.\u00a0\u00a0<\/p>\n<p><strong>Pr\u00e9-requis<\/strong> : conna\u00eetre les m\u00e9ridiens et leurs diff\u00e9rents points sur le cheval<\/p>\n<p>Date : octobre 2023<\/p>\n<p>Lieu : Arlon<\/p>\n<p><span style=\"font-size: large;\"><strong>Chakras et Auras<\/strong><\/span> : se d\u00e9roule sur une journ\u00e9e :\u00a0 travailler sur le cheval en apprenant \u00e0 jongler avec les diff\u00e9rents chakras et les auras.\u00a0 Qu&rsquo;est-ce une aura ? Suis-je capable de la voir ? Un cheval a-t-il, lui aussi, des chakras ? O\u00f9 se situent-ils ?\u00a0<\/p>\n<p><strong>Pr\u00e9-requis<\/strong> : prendre contact<\/p>\n<p>Date : septembre 2023<\/p>\n<p>[\/et_pb_accordion_item][\/et_pb_accordion][\/et_pb_column][\/et_pb_row][\/et_pb_section]<\/p>\n","protected":false},"excerpt":{"rendered":"<p>Formations en shiatsu \u00e9quin reconnue par la F\u00e9d\u00e9ration Belge du ShiatsuStage d&rsquo;initiation\u00a0 &#8211; shiatsu \u00e9quin\u00a0 &nbsp; Deux journ\u00e9es qui vous permettront de comprendre d&rsquo;o\u00f9 vient le shiatsu et ce qu&rsquo;il peut offrir.\u00a0 Vous pourrez acqu\u00e9rir les techniques de base pour dispenser un shiatsu de relaxation \u00e0 votre cheval. Prix\u00a0: 200 \u20ac tout compris incluant un [&hellip;]<\/p>\n","protected":false},"author":1,"featured_media":0,"parent":0,"menu_order":0,"comment_status":"closed","ping_status":"closed","template":"","meta":{"_et_pb_use_builder":"on","_et_pb_old_content":"","_et_gb_content_width":"","footnotes":""},"class_list":["post-181","page","type-page","status-publish","hentry"],"_links":{"self":[{"href":"https:\/\/www.lokaishiatsu.be\/index.php?rest_route=\/wp\/v2\/pages\/181","targetHints":{"allow":["GET"]}}],"collection":[{"href":"https:\/\/www.lokaishiatsu.be\/index.php?rest_route=\/wp\/v2\/pages"}],"about":[{"href":"https:\/\/www.lokaishiatsu.be\/index.php?rest_route=\/wp\/v2\/types\/page"}],"author":[{"embeddable":true,"href":"https:\/\/www.lokaishiatsu.be\/index.php?rest_route=\/wp\/v2\/users\/1"}],"replies":[{"embeddable":true,"href":"https:\/\/www.lokaishiatsu.be\/index.php?rest_route=%2Fwp%2Fv2%2Fcomments&post=181"}],"version-history":[{"count":9,"href":"https:\/\/www.lokaishiatsu.be\/index.php?rest_route=\/wp\/v2\/pages\/181\/revisions"}],"predecessor-version":[{"id":279,"href":"https:\/\/www.lokaishiatsu.be\/index.php?rest_route=\/wp\/v2\/pages\/181\/revisions\/279"}],"wp:attachment":[{"href":"https:\/\/www.lokaishiatsu.be\/index.php?rest_route=%2Fwp%2Fv2%2Fmedia&parent=181"}],"curies":[{"name":"wp","href":"https:\/\/api.w.org\/{rel}","templated":true}]}}