{"id":61,"date":"2021-05-22T11:06:32","date_gmt":"2021-05-22T09:06:32","guid":{"rendered":"https:\/\/www.reiki-shiatsu.be\/?page_id=61"},"modified":"2023-04-02T11:11:36","modified_gmt":"2023-04-02T09:11:36","slug":"les-enseignants","status":"publish","type":"page","link":"https:\/\/www.lokaishiatsu.be\/?page_id=61","title":{"rendered":"Les enseignants"},"content":{"rendered":"<p>[et_pb_section fb_built=\u00a0\u00bb1&Prime; fullwidth=\u00a0\u00bbon\u00a0\u00bb _builder_version=\u00a0\u00bb4.16&Prime; _module_preset=\u00a0\u00bbdefault\u00a0\u00bb global_colors_info=\u00a0\u00bb{}\u00a0\u00bb][et_pb_fullwidth_slider _builder_version=\u00a0\u00bb4.16&Prime; _module_preset=\u00a0\u00bbdefault\u00a0\u00bb header_font=\u00a0\u00bbMontserrat|600|||||||\u00a0\u00bb background_image=\u00a0\u00bbhttps:\/\/www.reiki-shiatsu.be\/wp-content\/uploads\/2021\/05\/DSC_5413_SN-scaled.jpg\u00a0\u00bb global_colors_info=\u00a0\u00bb{}\u00a0\u00bb][et_pb_slide heading=\u00a0\u00bbLes enseignants du \u00ab L\u00f4-Ka\u00ef \u00bb\u00a0\u00bb _builder_version=\u00a0\u00bb4.16&Prime; _module_preset=\u00a0\u00bbdefault\u00a0\u00bb header_font=\u00a0\u00bbMontserrat||||||||\u00a0\u00bb global_colors_info=\u00a0\u00bb{}\u00a0\u00bb sticky_transition=\u00a0\u00bbon\u00a0\u00bb][\/et_pb_slide][\/et_pb_fullwidth_slider][\/et_pb_section][et_pb_section fb_built=\u00a0\u00bb1&Prime; _builder_version=\u00a0\u00bb4.16&Prime; _module_preset=\u00a0\u00bbdefault\u00a0\u00bb global_colors_info=\u00a0\u00bb{}\u00a0\u00bb][et_pb_row _builder_version=\u00a0\u00bb4.16&Prime; _module_preset=\u00a0\u00bbdefault\u00a0\u00bb global_colors_info=\u00a0\u00bb{}\u00a0\u00bb][et_pb_column type=\u00a0\u00bb4_4&Prime; _builder_version=\u00a0\u00bb4.16&Prime; _module_preset=\u00a0\u00bbdefault\u00a0\u00bb global_colors_info=\u00a0\u00bb{}\u00a0\u00bb][et_pb_testimonial author=\u00a0\u00bbLaurence Stoffel\u00a0\u00bb portrait_url=\u00a0\u00bbhttps:\/\/www.reiki-shiatsu.be\/wp-content\/uploads\/2021\/05\/lo-aout-2018.jpg\u00a0\u00bb quote_icon=\u00a0\u00bboff\u00a0\u00bb _builder_version=\u00a0\u00bb4.16&Prime; _module_preset=\u00a0\u00bbdefault\u00a0\u00bb body_font=\u00a0\u00bbMontserrat||||||||\u00a0\u00bb box_shadow_style=\u00a0\u00bbpreset1&Prime; global_colors_info=\u00a0\u00bb{}\u00a0\u00bb]<\/p>\n<p style=\"text-align: justify;\">Praticienne et formatrice en shiatsu \u00e9quin et humain, praticienne et formatrice en en drainage lymphatique manuel \u00e9quin.<\/p>\n<p style=\"text-align: justify;\">Un master en lettres en poche, apr\u00e8s quelques ann\u00e9es dans l\u2019industrie, elle \u00e0 bifurqu\u00e9 dans l\u2019\u00e9nerg\u00e9tique pour arriver au shiatsu. Sp\u00e9cialis\u00e9e dans le shiatsu \u00e9quin, elle \u00e0 fond\u00e9 l\u2019\u00e9cole de shiatsu L\u00f4-Ka\u00ef situ\u00e9e \u00e0 Arlon afin de pouvoir l\u2019enseigner \u00e0 son tour dans sa r\u00e9gion d\u2019adoption. Elle \u00e0 \u00e9galement \u00e9tudi\u00e9 le drainage lymphatique manuel \u00e9quin ainsi que le cr\u00e2nio-sacr\u00e9 qui compl\u00e8tent \u00e0 merveille les soins \u00e0 prodiguer \u00e0 nos amis \u00e9quid\u00e9s.<\/p>\n<p>[\/et_pb_testimonial][\/et_pb_column][\/et_pb_row][et_pb_row _builder_version=\u00a0\u00bb4.16&Prime; _module_preset=\u00a0\u00bbdefault\u00a0\u00bb global_colors_info=\u00a0\u00bb{}\u00a0\u00bb][et_pb_column type=\u00a0\u00bb4_4&Prime; _builder_version=\u00a0\u00bb4.16&Prime; _module_preset=\u00a0\u00bbdefault\u00a0\u00bb global_colors_info=\u00a0\u00bb{}\u00a0\u00bb][et_pb_divider divider_style=\u00a0\u00bbdashed\u00a0\u00bb _builder_version=\u00a0\u00bb4.16&Prime; _module_preset=\u00a0\u00bbdefault\u00a0\u00bb global_colors_info=\u00a0\u00bb{}\u00a0\u00bb][\/et_pb_divider][\/et_pb_column][\/et_pb_row][et_pb_row column_structure=\u00a0\u00bb1_3,1_3,1_3&Prime; _builder_version=\u00a0\u00bb4.16&Prime; _module_preset=\u00a0\u00bbdefault\u00a0\u00bb global_colors_info=\u00a0\u00bb{}\u00a0\u00bb][et_pb_column type=\u00a0\u00bb1_3&Prime; _builder_version=\u00a0\u00bb4.16&Prime; _module_preset=\u00a0\u00bbdefault\u00a0\u00bb global_colors_info=\u00a0\u00bb{}\u00a0\u00bb][et_pb_testimonial author=\u00a0\u00bbAlice Bourton\u00a0\u00bb portrait_url=\u00a0\u00bbhttps:\/\/www.reiki-shiatsu.be\/wp-content\/uploads\/2021\/05\/dc44cd_de6dd3614ea74ece927940eebd81d348mv2.jpg\u00a0\u00bb quote_icon=\u00a0\u00bboff\u00a0\u00bb _builder_version=\u00a0\u00bb4.16&Prime; _module_preset=\u00a0\u00bbdefault\u00a0\u00bb body_font=\u00a0\u00bbMontserrat||||||||\u00a0\u00bb box_shadow_style=\u00a0\u00bbpreset1&Prime; global_colors_info=\u00a0\u00bb{}\u00a0\u00bb]<\/p>\n<p>Formatrice en Chimitysa\u00ef (technique d&rsquo;imposition des mains qui permet de re\u00e7evoir des informations et de faire des soins \u00e0 soi, aux autres et aux animaux), consultante en kin\u00e9siologie et bio\u00e9nergie.<\/p>\n<p><a href=\"https:\/\/alicebourton.wixsite.com\/website?fbclid=IwAR1DPU1Oz33zsYN60Jmr-hawOCd9_jyPHELWv4w2mhAPIH1oXH9Q_cT-Vhc\" target=\"_blank\" rel=\"noopener noreferrer\" title=\"alicebourton.wixsite.com\">alicebourton.wixsite.com<\/a><\/p>\n<p>[\/et_pb_testimonial][\/et_pb_column][et_pb_column type=\u00a0\u00bb1_3&Prime; _builder_version=\u00a0\u00bb4.16&Prime; _module_preset=\u00a0\u00bbdefault\u00a0\u00bb global_colors_info=\u00a0\u00bb{}\u00a0\u00bb][et_pb_testimonial author=\u00a0\u00bbSigrid Vanthuyne\u00a0\u00bb portrait_url=\u00a0\u00bbhttps:\/\/www.reiki-shiatsu.be\/wp-content\/uploads\/2021\/05\/sigrid.jpg\u00a0\u00bb quote_icon=\u00a0\u00bboff\u00a0\u00bb _builder_version=\u00a0\u00bb4.20.2&Prime; _module_preset=\u00a0\u00bbdefault\u00a0\u00bb body_font=\u00a0\u00bbMontserrat||||||||\u00a0\u00bb hover_enabled=\u00a0\u00bb0&Prime; box_shadow_style=\u00a0\u00bbpreset1&Prime; global_colors_info=\u00a0\u00bb{}\u00a0\u00bb sticky_enabled=\u00a0\u00bb0&Prime;]<\/p>\n<p>Praticienne en shiatsu \u00e9quin, canin et humain reconnue par la F\u00e9d\u00e9ration Belge de Shiatsu. Elle est la fondatrice de l\u2019\u00e9cole White Sun \u00e0 Middelkerk o\u00f9 elle enseigne le shiatsu \u00e9quin. Son \u00e9cole est \u00e9galement reconnue par la F\u00e9d\u00e9ration Belge de Shiatsu.<\/p>\n<p><a href=\"https:\/\/sigridvanthuyne.com\/\" target=\"_blank\" rel=\"noopener noreferrer\" title=\"sigridvanthuyne.com\">sigridvanthuyne.com<\/a><\/p>\n<p>[\/et_pb_testimonial][\/et_pb_column][et_pb_column type=\u00a0\u00bb1_3&Prime; _builder_version=\u00a0\u00bb4.16&Prime; _module_preset=\u00a0\u00bbdefault\u00a0\u00bb global_colors_info=\u00a0\u00bb{}\u00a0\u00bb][\/et_pb_column][\/et_pb_row][\/et_pb_section]<\/p>\n","protected":false},"excerpt":{"rendered":"<p>Praticienne et formatrice en shiatsu \u00e9quin et humain, praticienne et formatrice en en drainage lymphatique manuel \u00e9quin. Un master en lettres en poche, apr\u00e8s quelques ann\u00e9es dans l\u2019industrie, elle \u00e0 bifurqu\u00e9 dans l\u2019\u00e9nerg\u00e9tique pour arriver au shiatsu. Sp\u00e9cialis\u00e9e dans le shiatsu \u00e9quin, elle \u00e0 fond\u00e9 l\u2019\u00e9cole de shiatsu L\u00f4-Ka\u00ef situ\u00e9e \u00e0 Arlon afin de pouvoir [&hellip;]<\/p>\n","protected":false},"author":1,"featured_media":0,"parent":0,"menu_order":0,"comment_status":"closed","ping_status":"closed","template":"","meta":{"_et_pb_use_builder":"on","_et_pb_old_content":"","_et_gb_content_width":"","footnotes":""},"class_list":["post-61","page","type-page","status-publish","hentry"],"_links":{"self":[{"href":"https:\/\/www.lokaishiatsu.be\/index.php?rest_route=\/wp\/v2\/pages\/61","targetHints":{"allow":["GET"]}}],"collection":[{"href":"https:\/\/www.lokaishiatsu.be\/index.php?rest_route=\/wp\/v2\/pages"}],"about":[{"href":"https:\/\/www.lokaishiatsu.be\/index.php?rest_route=\/wp\/v2\/types\/page"}],"author":[{"embeddable":true,"href":"https:\/\/www.lokaishiatsu.be\/index.php?rest_route=\/wp\/v2\/users\/1"}],"replies":[{"embeddable":true,"href":"https:\/\/www.lokaishiatsu.be\/index.php?rest_route=%2Fwp%2Fv2%2Fcomments&post=61"}],"version-history":[{"count":10,"href":"https:\/\/www.lokaishiatsu.be\/index.php?rest_route=\/wp\/v2\/pages\/61\/revisions"}],"predecessor-version":[{"id":271,"href":"https:\/\/www.lokaishiatsu.be\/index.php?rest_route=\/wp\/v2\/pages\/61\/revisions\/271"}],"wp:attachment":[{"href":"https:\/\/www.lokaishiatsu.be\/index.php?rest_route=%2Fwp%2Fv2%2Fmedia&parent=61"}],"curies":[{"name":"wp","href":"https:\/\/api.w.org\/{rel}","templated":true}]}}